{"id":380,"date":"2021-02-16T11:06:15","date_gmt":"2021-02-16T11:06:15","guid":{"rendered":"https:\/\/rheinmaincopter.de\/?page_id=380"},"modified":"2025-01-21T23:29:07","modified_gmt":"2025-01-21T23:29:07","slug":"fahrzeugpraesentation","status":"publish","type":"page","link":"https:\/\/rheinmaincopter.de\/?page_id=380","title":{"rendered":"Fahrzeugpr\u00e4sentation"},"content":{"rendered":"\t\t<div data-elementor-type=\"wp-page\" data-elementor-id=\"380\" class=\"elementor elementor-380\">\n\t\t\t\t\t\t<section class=\"elementor-section elementor-top-section elementor-element elementor-element-32b0845d elementor-section-boxed elementor-section-height-default elementor-section-height-default\" data-id=\"32b0845d\" data-element_type=\"section\">\n\t\t\t\t\t\t<div class=\"elementor-container elementor-column-gap-default\">\n\t\t\t\t\t<div class=\"elementor-column elementor-col-100 elementor-top-column elementor-element elementor-element-a4948b5\" data-id=\"a4948b5\" data-element_type=\"column\">\n\t\t\t<div class=\"elementor-widget-wrap elementor-element-populated\">\n\t\t\t\t\t\t<section class=\"elementor-section elementor-inner-section elementor-element elementor-element-65ec8f83 elementor-section-boxed elementor-section-height-default elementor-section-height-default\" data-id=\"65ec8f83\" data-element_type=\"section\">\n\t\t\t\t\t\t<div class=\"elementor-container elementor-column-gap-default\">\n\t\t\t\t\t<div class=\"elementor-column elementor-col-50 elementor-inner-column elementor-element elementor-element-5c76c581\" data-id=\"5c76c581\" data-element_type=\"column\">\n\t\t\t<div class=\"elementor-widget-wrap elementor-element-populated\">\n\t\t\t\t\t\t<div class=\"elementor-element elementor-element-63e9d0d4 elementor-widget elementor-widget-heading\" data-id=\"63e9d0d4\" data-element_type=\"widget\" data-widget_type=\"heading.default\">\n\t\t\t\t<div class=\"elementor-widget-container\">\n\t\t\t\t\t<h2 class=\"elementor-heading-title elementor-size-default\">Fahrzeugpr\u00e4sentation aus v\u00f6llig neuer Perspektive <\/h2>\t\t\t\t<\/div>\n\t\t\t\t<\/div>\n\t\t\t\t<div class=\"elementor-element elementor-element-1325cedf elementor-widget elementor-widget-text-editor\" data-id=\"1325cedf\" data-element_type=\"widget\" data-widget_type=\"text-editor.default\">\n\t\t\t\t<div class=\"elementor-widget-container\">\n\t\t\t\t\t\t\t\t\t<p>Sie m\u00f6chten Ihr Auto verkaufen und wollen Ihre Anzeige besonders hervorheben?\u00a0<span style=\"font-size: 14px; color: var( --e-global-color-primary ); letter-spacing: var( --e-global-typography-3b694d5-letter-spacing );\">Dann hilft eine Luftaufnahme, die Anzahl der Interessenten zu erh\u00f6hen.<\/span><\/p><p>Sie besitzen einen seltenen Oldtimer und m\u00f6chten diesen aus einer besonderen Perspektive festhalten, vielleicht sogar auf eine Leinwand drucken und Ihr Wohnzimmer damit schm\u00fccken? Auch hierzu ist eine Luftaufnahme bestens geeignet.<\/p><p>Neben Fotos, erstellen wir auch Videos mit der Active Track Technologie unseres Multicopters und k\u00f6nnen so Ihr Fahrzeug automatisch aus der Luft verfolgen lassen.<\/p><p>Die M\u00f6glichkeiten sind unbegrenzt. Egal ob Auto, Motorrad oder das neue Wohnmobil Wir zeigen alle aus besonderen und atemberaubenden Perspektiven.<\/p>\t\t\t\t\t\t\t\t<\/div>\n\t\t\t\t<\/div>\n\t\t\t\t\t<\/div>\n\t\t<\/div>\n\t\t\t\t<div class=\"elementor-column elementor-col-50 elementor-inner-column elementor-element elementor-element-268b0ee6\" data-id=\"268b0ee6\" data-element_type=\"column\">\n\t\t\t<div class=\"elementor-widget-wrap elementor-element-populated\">\n\t\t\t\t\t\t<div class=\"elementor-element elementor-element-2ff72e2 elementor-widget elementor-widget-video\" data-id=\"2ff72e2\" data-element_type=\"widget\" data-settings=\"{&quot;youtube_url&quot;:&quot;https:\\\/\\\/youtu.be\\\/ji1tZQh-8IQ&quot;,&quot;autoplay&quot;:&quot;yes&quot;,&quot;play_on_mobile&quot;:&quot;yes&quot;,&quot;loop&quot;:&quot;yes&quot;,&quot;video_type&quot;:&quot;youtube&quot;,&quot;controls&quot;:&quot;yes&quot;}\" data-widget_type=\"video.default\">\n\t\t\t\t<div class=\"elementor-widget-container\">\n\t\t\t\t\t\t\t<div class=\"elementor-wrapper elementor-open-inline\">\n\t\t\t<div class=\"elementor-video\"><\/div>\t\t<\/div>\n\t\t\t\t\t\t<\/div>\n\t\t\t\t<\/div>\n\t\t\t\t\t<\/div>\n\t\t<\/div>\n\t\t\t\t\t<\/div>\n\t\t<\/section>\n\t\t\t\t\t<\/div>\n\t\t<\/div>\n\t\t\t\t\t<\/div>\n\t\t<\/section>\n\t\t\t\t<section class=\"elementor-section elementor-top-section elementor-element elementor-element-19d93c28 elementor-section-boxed elementor-section-height-default elementor-section-height-default\" data-id=\"19d93c28\" data-element_type=\"section\" data-settings=\"{&quot;background_background&quot;:&quot;classic&quot;}\">\n\t\t\t\t\t\t<div class=\"elementor-container elementor-column-gap-default\">\n\t\t\t\t\t<div class=\"elementor-column elementor-col-25 elementor-top-column elementor-element elementor-element-95a755a\" data-id=\"95a755a\" data-element_type=\"column\">\n\t\t\t<div class=\"elementor-widget-wrap elementor-element-populated\">\n\t\t\t\t\t\t<div class=\"elementor-element elementor-element-7f65e6ee envato-kit-138-bracket elementor-widget elementor-widget-heading\" data-id=\"7f65e6ee\" data-element_type=\"widget\" data-widget_type=\"heading.default\">\n\t\t\t\t<div class=\"elementor-widget-container\">\n\t\t\t\t\t<h3 class=\"elementor-heading-title elementor-size-default\">\u00dcber uns:<\/h3>\t\t\t\t<\/div>\n\t\t\t\t<\/div>\n\t\t\t\t<div class=\"elementor-element elementor-element-423380f0 elementor-widget elementor-widget-text-editor\" data-id=\"423380f0\" data-element_type=\"widget\" data-widget_type=\"text-editor.default\">\n\t\t\t\t<div class=\"elementor-widget-container\">\n\t\t\t\t\t\t\t\t\t<p>Wir erstellen professionelle Luftbilder und Videos von Immobilien, Events oder Landschaften nach Ihren Vorstellungen<\/p>\t\t\t\t\t\t\t\t<\/div>\n\t\t\t\t<\/div>\n\t\t\t\t\t<\/div>\n\t\t<\/div>\n\t\t\t\t<div class=\"elementor-column elementor-col-25 elementor-top-column elementor-element elementor-element-26d69d47\" data-id=\"26d69d47\" data-element_type=\"column\">\n\t\t\t<div class=\"elementor-widget-wrap elementor-element-populated\">\n\t\t\t\t\t\t<div class=\"elementor-element elementor-element-51d72d01 elementor-mobile-align-center elementor-icon-list--layout-inline elementor-absolute elementor-list-item-link-full_width elementor-widget elementor-widget-icon-list\" data-id=\"51d72d01\" data-element_type=\"widget\" data-settings=\"{&quot;_position&quot;:&quot;absolute&quot;}\" data-widget_type=\"icon-list.default\">\n\t\t\t\t<div class=\"elementor-widget-container\">\n\t\t\t\t\t\t\t<ul class=\"elementor-icon-list-items elementor-inline-items\">\n\t\t\t\t\t\t\t<li class=\"elementor-icon-list-item elementor-inline-item\">\n\t\t\t\t\t\t\t\t\t\t\t<a href=\"https:\/\/rheinmaincopter.de\/?page_id=19\">\n\n\t\t\t\t\t\t\t\t\t\t\t\t<span class=\"elementor-icon-list-icon\">\n\t\t\t\t\t\t\t<i aria-hidden=\"true\" class=\"fas fa-angle-right\"><\/i>\t\t\t\t\t\t<\/span>\n\t\t\t\t\t\t\t\t\t\t<span class=\"elementor-icon-list-text\">Impressum<\/span>\n\t\t\t\t\t\t\t\t\t\t\t<\/a>\n\t\t\t\t\t\t\t\t\t<\/li>\n\t\t\t\t\t\t\t\t<li class=\"elementor-icon-list-item elementor-inline-item\">\n\t\t\t\t\t\t\t\t\t\t\t<a href=\"https:\/\/rheinmaincopter.de\/?page_id=21\">\n\n\t\t\t\t\t\t\t\t\t\t\t\t<span class=\"elementor-icon-list-icon\">\n\t\t\t\t\t\t\t<i aria-hidden=\"true\" class=\"fas fa-angle-right\"><\/i>\t\t\t\t\t\t<\/span>\n\t\t\t\t\t\t\t\t\t\t<span class=\"elementor-icon-list-text\">Datenschutz<\/span>\n\t\t\t\t\t\t\t\t\t\t\t<\/a>\n\t\t\t\t\t\t\t\t\t<\/li>\n\t\t\t\t\t\t<\/ul>\n\t\t\t\t\t\t<\/div>\n\t\t\t\t<\/div>\n\t\t\t\t\t<\/div>\n\t\t<\/div>\n\t\t\t\t<div class=\"elementor-column elementor-col-25 elementor-top-column elementor-element elementor-element-3619f277\" data-id=\"3619f277\" data-element_type=\"column\">\n\t\t\t<div class=\"elementor-widget-wrap elementor-element-populated\">\n\t\t\t\t\t\t<div class=\"elementor-element elementor-element-144deb88 envato-kit-138-bracket elementor-widget elementor-widget-heading\" data-id=\"144deb88\" data-element_type=\"widget\" data-widget_type=\"heading.default\">\n\t\t\t\t<div class=\"elementor-widget-container\">\n\t\t\t\t\t<h3 class=\"elementor-heading-title elementor-size-default\">Kontakt<\/h3>\t\t\t\t<\/div>\n\t\t\t\t<\/div>\n\t\t\t\t<div class=\"elementor-element elementor-element-294cefeb elementor-mobile-align-center elementor-icon-list--layout-traditional elementor-list-item-link-full_width elementor-widget elementor-widget-icon-list\" data-id=\"294cefeb\" data-element_type=\"widget\" data-widget_type=\"icon-list.default\">\n\t\t\t\t<div class=\"elementor-widget-container\">\n\t\t\t\t\t\t\t<ul class=\"elementor-icon-list-items\">\n\t\t\t\t\t\t\t<li class=\"elementor-icon-list-item\">\n\t\t\t\t\t\t\t\t\t\t\t<span class=\"elementor-icon-list-icon\">\n\t\t\t\t\t\t\t<i aria-hidden=\"true\" class=\"fab fa-whatsapp\"><\/i>\t\t\t\t\t\t<\/span>\n\t\t\t\t\t\t\t\t\t\t<span class=\"elementor-icon-list-text\">+496071980954<\/span>\n\t\t\t\t\t\t\t\t\t<\/li>\n\t\t\t\t\t\t\t\t<li class=\"elementor-icon-list-item\">\n\t\t\t\t\t\t\t\t\t\t\t<span class=\"elementor-icon-list-icon\">\n\t\t\t\t\t\t\t<i aria-hidden=\"true\" class=\"fas fa-mail-bulk\"><\/i>\t\t\t\t\t\t<\/span>\n\t\t\t\t\t\t\t\t\t\t<span class=\"elementor-icon-list-text\">info@rheinmaincopter.de<\/span>\n\t\t\t\t\t\t\t\t\t<\/li>\n\t\t\t\t\t\t<\/ul>\n\t\t\t\t\t\t<\/div>\n\t\t\t\t<\/div>\n\t\t\t\t\t<\/div>\n\t\t<\/div>\n\t\t\t\t<div class=\"elementor-column elementor-col-25 elementor-top-column elementor-element elementor-element-1cd7318b\" data-id=\"1cd7318b\" data-element_type=\"column\">\n\t\t\t<div class=\"elementor-widget-wrap elementor-element-populated\">\n\t\t\t\t\t\t<div class=\"elementor-element elementor-element-4c75e8a1 envato-kit-138-bracket elementor-widget elementor-widget-heading\" data-id=\"4c75e8a1\" data-element_type=\"widget\" data-widget_type=\"heading.default\">\n\t\t\t\t<div class=\"elementor-widget-container\">\n\t\t\t\t\t<h3 class=\"elementor-heading-title elementor-size-default\">Social Media<\/h3>\t\t\t\t<\/div>\n\t\t\t\t<\/div>\n\t\t\t\t<div class=\"elementor-element elementor-element-40607dcb elementor-shape-square e-grid-align-mobile-center e-grid-align-tablet-left elementor-absolute elementor-grid-0 e-grid-align-center elementor-widget elementor-widget-social-icons\" data-id=\"40607dcb\" data-element_type=\"widget\" data-settings=\"{&quot;_position&quot;:&quot;absolute&quot;}\" data-widget_type=\"social-icons.default\">\n\t\t\t\t<div class=\"elementor-widget-container\">\n\t\t\t\t\t\t\t<div class=\"elementor-social-icons-wrapper elementor-grid\" role=\"list\">\n\t\t\t\t\t\t\t<span class=\"elementor-grid-item\" role=\"listitem\">\n\t\t\t\t\t<a class=\"elementor-icon elementor-social-icon elementor-social-icon-facebook-f elementor-repeater-item-421c6ef\" href=\"https:\/\/www.facebook.com\/RMC.Luftbildservice\" target=\"_blank\">\n\t\t\t\t\t\t<span class=\"elementor-screen-only\">Facebook-f<\/span>\n\t\t\t\t\t\t<i class=\"fab fa-facebook-f\"><\/i>\t\t\t\t\t<\/a>\n\t\t\t\t<\/span>\n\t\t\t\t\t\t\t<span class=\"elementor-grid-item\" role=\"listitem\">\n\t\t\t\t\t<a class=\"elementor-icon elementor-social-icon elementor-social-icon-instagram elementor-repeater-item-5dea297\" href=\"https:\/\/www.instagram.com\/naturesnapshots4you\/\" target=\"_blank\">\n\t\t\t\t\t\t<span class=\"elementor-screen-only\">Instagram<\/span>\n\t\t\t\t\t\t<i class=\"fab fa-instagram\"><\/i>\t\t\t\t\t<\/a>\n\t\t\t\t<\/span>\n\t\t\t\t\t\t\t<span class=\"elementor-grid-item\" role=\"listitem\">\n\t\t\t\t\t<a class=\"elementor-icon elementor-social-icon elementor-social-icon-youtube elementor-repeater-item-0b67407\" href=\"https:\/\/www.youtube.com\/channel\/UC4IhEYCf0JySioK7uNpw_tA\" target=\"_blank\">\n\t\t\t\t\t\t<span class=\"elementor-screen-only\">Youtube<\/span>\n\t\t\t\t\t\t<i class=\"fab fa-youtube\"><\/i>\t\t\t\t\t<\/a>\n\t\t\t\t<\/span>\n\t\t\t\t\t<\/div>\n\t\t\t\t\t\t<\/div>\n\t\t\t\t<\/div>\n\t\t\t\t\t<\/div>\n\t\t<\/div>\n\t\t\t\t\t<\/div>\n\t\t<\/section>\n\t\t\t\t<\/div>\n\t\t","protected":false},"excerpt":{"rendered":"<p>Fahrzeugpr\u00e4sentation aus v\u00f6llig neuer Perspektive Sie m\u00f6chten Ihr Auto verkaufen und wollen Ihre Anzeige besonders hervorheben?\u00a0Dann hilft eine Luftaufnahme, die Anzahl der Interessenten zu erh\u00f6hen. Sie besitzen einen seltenen Oldtimer und m\u00f6chten diesen aus einer besonderen Perspektive festhalten, vielleicht sogar auf eine Leinwand drucken und Ihr Wohnzimmer damit schm\u00fccken? Auch hierzu ist eine Luftaufnahme bestens [&hellip;]<\/p>\n","protected":false},"author":1,"featured_media":0,"parent":0,"menu_order":0,"comment_status":"closed","ping_status":"closed","template":"","meta":{"ocean_post_layout":"full-screen","ocean_both_sidebars_style":"","ocean_both_sidebars_content_width":0,"ocean_both_sidebars_sidebars_width":0,"ocean_sidebar":"0","ocean_second_sidebar":"0","ocean_disable_margins":"enable","ocean_add_body_class":"","ocean_shortcode_before_top_bar":"","ocean_shortcode_after_top_bar":"","ocean_shortcode_before_header":"","ocean_shortcode_after_header":"","ocean_has_shortcode":"","ocean_shortcode_after_title":"","ocean_shortcode_before_footer_widgets":"","ocean_shortcode_after_footer_widgets":"","ocean_shortcode_before_footer_bottom":"","ocean_shortcode_after_footer_bottom":"","ocean_display_top_bar":"off","ocean_display_header":"default","ocean_header_style":"","ocean_center_header_left_menu":"0","ocean_custom_header_template":"0","ocean_custom_logo":0,"ocean_custom_retina_logo":0,"ocean_custom_logo_max_width":0,"ocean_custom_logo_tablet_max_width":0,"ocean_custom_logo_mobile_max_width":0,"ocean_custom_logo_max_height":0,"ocean_custom_logo_tablet_max_height":0,"ocean_custom_logo_mobile_max_height":0,"ocean_header_custom_menu":"0","ocean_menu_typo_font_family":"0","ocean_menu_typo_font_subset":"","ocean_menu_typo_font_size":0,"ocean_menu_typo_font_size_tablet":0,"ocean_menu_typo_font_size_mobile":0,"ocean_menu_typo_font_size_unit":"px","ocean_menu_typo_font_weight":"","ocean_menu_typo_font_weight_tablet":"","ocean_menu_typo_font_weight_mobile":"","ocean_menu_typo_transform":"","ocean_menu_typo_transform_tablet":"","ocean_menu_typo_transform_mobile":"","ocean_menu_typo_line_height":0,"ocean_menu_typo_line_height_tablet":0,"ocean_menu_typo_line_height_mobile":0,"ocean_menu_typo_line_height_unit":"","ocean_menu_typo_spacing":0,"ocean_menu_typo_spacing_tablet":0,"ocean_menu_typo_spacing_mobile":0,"ocean_menu_typo_spacing_unit":"","ocean_menu_link_color":"","ocean_menu_link_color_hover":"","ocean_menu_link_color_active":"","ocean_menu_link_background":"","ocean_menu_link_hover_background":"","ocean_menu_link_active_background":"","ocean_menu_social_links_bg":"","ocean_menu_social_hover_links_bg":"","ocean_menu_social_links_color":"","ocean_menu_social_hover_links_color":"","ocean_disable_title":"on","ocean_disable_heading":"default","ocean_post_title":"","ocean_post_subheading":"","ocean_post_title_style":"","ocean_post_title_background_color":"","ocean_post_title_background":0,"ocean_post_title_bg_image_position":"","ocean_post_title_bg_image_attachment":"","ocean_post_title_bg_image_repeat":"","ocean_post_title_bg_image_size":"","ocean_post_title_height":0,"ocean_post_title_bg_overlay":0.5,"ocean_post_title_bg_overlay_color":"","ocean_disable_breadcrumbs":"default","ocean_breadcrumbs_color":"","ocean_breadcrumbs_separator_color":"","ocean_breadcrumbs_links_color":"","ocean_breadcrumbs_links_hover_color":"","ocean_display_footer_widgets":"off","ocean_display_footer_bottom":"default","ocean_custom_footer_template":"0","footnotes":""},"class_list":["post-380","page","type-page","status-publish","hentry","entry"],"yoast_head":"<!-- This site is optimized with the Yoast SEO plugin v25.7 - https:\/\/yoast.com\/wordpress\/plugins\/seo\/ -->\n<title>Fahrzeugpr\u00e4sentation - Rhein-Main Copter<\/title>\n<meta name=\"robots\" content=\"index, follow, max-snippet:-1, max-image-preview:large, max-video-preview:-1\" \/>\n<link rel=\"canonical\" href=\"https:\/\/rheinmaincopter.de\/?page_id=380\" \/>\n<meta property=\"og:locale\" content=\"de_DE\" \/>\n<meta property=\"og:type\" content=\"article\" \/>\n<meta property=\"og:title\" content=\"Fahrzeugpr\u00e4sentation - Rhein-Main Copter\" \/>\n<meta property=\"og:description\" content=\"Fahrzeugpr\u00e4sentation aus v\u00f6llig neuer Perspektive Sie m\u00f6chten Ihr Auto verkaufen und wollen Ihre Anzeige besonders hervorheben?\u00a0Dann hilft eine Luftaufnahme, die Anzahl der Interessenten zu erh\u00f6hen. Sie besitzen einen seltenen Oldtimer und m\u00f6chten diesen aus einer besonderen Perspektive festhalten, vielleicht sogar auf eine Leinwand drucken und Ihr Wohnzimmer damit schm\u00fccken? Auch hierzu ist eine Luftaufnahme bestens [&hellip;]\" \/>\n<meta property=\"og:url\" content=\"https:\/\/rheinmaincopter.de\/?page_id=380\" \/>\n<meta property=\"og:site_name\" content=\"Rhein-Main Copter\" \/>\n<meta property=\"article:modified_time\" content=\"2025-01-21T23:29:07+00:00\" \/>\n<meta name=\"twitter:card\" content=\"summary_large_image\" \/>\n<meta name=\"twitter:label1\" content=\"Gesch\u00e4tzte Lesezeit\" \/>\n\t<meta name=\"twitter:data1\" content=\"1\u00a0Minute\" \/>\n<script type=\"application\/ld+json\" class=\"yoast-schema-graph\">{\"@context\":\"https:\/\/schema.org\",\"@graph\":[{\"@type\":\"WebPage\",\"@id\":\"https:\/\/rheinmaincopter.de\/?page_id=380\",\"url\":\"https:\/\/rheinmaincopter.de\/?page_id=380\",\"name\":\"Fahrzeugpr\u00e4sentation - Rhein-Main Copter\",\"isPartOf\":{\"@id\":\"https:\/\/rheinmaincopter.de\/#website\"},\"datePublished\":\"2021-02-16T11:06:15+00:00\",\"dateModified\":\"2025-01-21T23:29:07+00:00\",\"breadcrumb\":{\"@id\":\"https:\/\/rheinmaincopter.de\/?page_id=380#breadcrumb\"},\"inLanguage\":\"de\",\"potentialAction\":[{\"@type\":\"ReadAction\",\"target\":[\"https:\/\/rheinmaincopter.de\/?page_id=380\"]}]},{\"@type\":\"BreadcrumbList\",\"@id\":\"https:\/\/rheinmaincopter.de\/?page_id=380#breadcrumb\",\"itemListElement\":[{\"@type\":\"ListItem\",\"position\":1,\"name\":\"Startseite\",\"item\":\"https:\/\/rheinmaincopter.de\/\"},{\"@type\":\"ListItem\",\"position\":2,\"name\":\"Fahrzeugpr\u00e4sentation\"}]},{\"@type\":\"WebSite\",\"@id\":\"https:\/\/rheinmaincopter.de\/#website\",\"url\":\"https:\/\/rheinmaincopter.de\/\",\"name\":\"Rhein-Main Copter\",\"description\":\"Professionelle Luftaufnahmen\",\"publisher\":{\"@id\":\"https:\/\/rheinmaincopter.de\/#organization\"},\"potentialAction\":[{\"@type\":\"SearchAction\",\"target\":{\"@type\":\"EntryPoint\",\"urlTemplate\":\"https:\/\/rheinmaincopter.de\/?s={search_term_string}\"},\"query-input\":{\"@type\":\"PropertyValueSpecification\",\"valueRequired\":true,\"valueName\":\"search_term_string\"}}],\"inLanguage\":\"de\"},{\"@type\":\"Organization\",\"@id\":\"https:\/\/rheinmaincopter.de\/#organization\",\"name\":\"Rhein-Main Copter\",\"url\":\"https:\/\/rheinmaincopter.de\/\",\"logo\":{\"@type\":\"ImageObject\",\"inLanguage\":\"de\",\"@id\":\"https:\/\/rheinmaincopter.de\/#\/schema\/logo\/image\/\",\"url\":\"https:\/\/rheinmaincopter.de\/wp-content\/uploads\/2025\/08\/cropped-AbelA.png\",\"contentUrl\":\"https:\/\/rheinmaincopter.de\/wp-content\/uploads\/2025\/08\/cropped-AbelA.png\",\"width\":490,\"height\":176,\"caption\":\"Rhein-Main Copter\"},\"image\":{\"@id\":\"https:\/\/rheinmaincopter.de\/#\/schema\/logo\/image\/\"}}]}<\/script>\n<!-- \/ Yoast SEO plugin. -->","yoast_head_json":{"title":"Fahrzeugpr\u00e4sentation - Rhein-Main Copter","robots":{"index":"index","follow":"follow","max-snippet":"max-snippet:-1","max-image-preview":"max-image-preview:large","max-video-preview":"max-video-preview:-1"},"canonical":"https:\/\/rheinmaincopter.de\/?page_id=380","og_locale":"de_DE","og_type":"article","og_title":"Fahrzeugpr\u00e4sentation - Rhein-Main Copter","og_description":"Fahrzeugpr\u00e4sentation aus v\u00f6llig neuer Perspektive Sie m\u00f6chten Ihr Auto verkaufen und wollen Ihre Anzeige besonders hervorheben?\u00a0Dann hilft eine Luftaufnahme, die Anzahl der Interessenten zu erh\u00f6hen. Sie besitzen einen seltenen Oldtimer und m\u00f6chten diesen aus einer besonderen Perspektive festhalten, vielleicht sogar auf eine Leinwand drucken und Ihr Wohnzimmer damit schm\u00fccken? Auch hierzu ist eine Luftaufnahme bestens [&hellip;]","og_url":"https:\/\/rheinmaincopter.de\/?page_id=380","og_site_name":"Rhein-Main Copter","article_modified_time":"2025-01-21T23:29:07+00:00","twitter_card":"summary_large_image","twitter_misc":{"Gesch\u00e4tzte Lesezeit":"1\u00a0Minute"},"schema":{"@context":"https:\/\/schema.org","@graph":[{"@type":"WebPage","@id":"https:\/\/rheinmaincopter.de\/?page_id=380","url":"https:\/\/rheinmaincopter.de\/?page_id=380","name":"Fahrzeugpr\u00e4sentation - Rhein-Main Copter","isPartOf":{"@id":"https:\/\/rheinmaincopter.de\/#website"},"datePublished":"2021-02-16T11:06:15+00:00","dateModified":"2025-01-21T23:29:07+00:00","breadcrumb":{"@id":"https:\/\/rheinmaincopter.de\/?page_id=380#breadcrumb"},"inLanguage":"de","potentialAction":[{"@type":"ReadAction","target":["https:\/\/rheinmaincopter.de\/?page_id=380"]}]},{"@type":"BreadcrumbList","@id":"https:\/\/rheinmaincopter.de\/?page_id=380#breadcrumb","itemListElement":[{"@type":"ListItem","position":1,"name":"Startseite","item":"https:\/\/rheinmaincopter.de\/"},{"@type":"ListItem","position":2,"name":"Fahrzeugpr\u00e4sentation"}]},{"@type":"WebSite","@id":"https:\/\/rheinmaincopter.de\/#website","url":"https:\/\/rheinmaincopter.de\/","name":"Rhein-Main Copter","description":"Professionelle Luftaufnahmen","publisher":{"@id":"https:\/\/rheinmaincopter.de\/#organization"},"potentialAction":[{"@type":"SearchAction","target":{"@type":"EntryPoint","urlTemplate":"https:\/\/rheinmaincopter.de\/?s={search_term_string}"},"query-input":{"@type":"PropertyValueSpecification","valueRequired":true,"valueName":"search_term_string"}}],"inLanguage":"de"},{"@type":"Organization","@id":"https:\/\/rheinmaincopter.de\/#organization","name":"Rhein-Main Copter","url":"https:\/\/rheinmaincopter.de\/","logo":{"@type":"ImageObject","inLanguage":"de","@id":"https:\/\/rheinmaincopter.de\/#\/schema\/logo\/image\/","url":"https:\/\/rheinmaincopter.de\/wp-content\/uploads\/2025\/08\/cropped-AbelA.png","contentUrl":"https:\/\/rheinmaincopter.de\/wp-content\/uploads\/2025\/08\/cropped-AbelA.png","width":490,"height":176,"caption":"Rhein-Main Copter"},"image":{"@id":"https:\/\/rheinmaincopter.de\/#\/schema\/logo\/image\/"}}]}},"_links":{"self":[{"href":"https:\/\/rheinmaincopter.de\/index.php?rest_route=\/wp\/v2\/pages\/380","targetHints":{"allow":["GET"]}}],"collection":[{"href":"https:\/\/rheinmaincopter.de\/index.php?rest_route=\/wp\/v2\/pages"}],"about":[{"href":"https:\/\/rheinmaincopter.de\/index.php?rest_route=\/wp\/v2\/types\/page"}],"author":[{"embeddable":true,"href":"https:\/\/rheinmaincopter.de\/index.php?rest_route=\/wp\/v2\/users\/1"}],"replies":[{"embeddable":true,"href":"https:\/\/rheinmaincopter.de\/index.php?rest_route=%2Fwp%2Fv2%2Fcomments&post=380"}],"version-history":[{"count":25,"href":"https:\/\/rheinmaincopter.de\/index.php?rest_route=\/wp\/v2\/pages\/380\/revisions"}],"predecessor-version":[{"id":1267,"href":"https:\/\/rheinmaincopter.de\/index.php?rest_route=\/wp\/v2\/pages\/380\/revisions\/1267"}],"wp:attachment":[{"href":"https:\/\/rheinmaincopter.de\/index.php?rest_route=%2Fwp%2Fv2%2Fmedia&parent=380"}],"curies":[{"name":"wp","href":"https:\/\/api.w.org\/{rel}","templated":true}]}}